{"id":6097,"date":"2024-11-28T20:44:06","date_gmt":"2024-11-28T20:44:06","guid":{"rendered":"https:\/\/spiess.fr\/cookie-policy\/"},"modified":"2026-02-18T08:16:51","modified_gmt":"2026-02-18T08:16:51","slug":"cookie-policy","status":"publish","type":"page","link":"https:\/\/spiess.fr\/en\/cookie-policy\/","title":{"rendered":"Cookie Policy"},"content":{"rendered":"\t\t<div data-elementor-type=\"wp-page\" data-elementor-id=\"6097\" class=\"elementor elementor-6097 elementor-118\" data-elementor-post-type=\"page\">\n\t\t\t\t<div class=\"elementor-element elementor-element-ee3bde5 e-flex e-con-boxed e-con e-parent\" data-id=\"ee3bde5\" data-element_type=\"container\" data-e-type=\"container\">\n\t\t\t\t\t<div class=\"e-con-inner\">\n\t\t\t\t<div class=\"elementor-element elementor-element-376a918 elementor-widget elementor-widget-heading\" data-id=\"376a918\" data-element_type=\"widget\" data-e-type=\"widget\" data-widget_type=\"heading.default\">\n\t\t\t\t<div class=\"elementor-widget-container\">\n\t\t\t\t\t<h1 class=\"elementor-heading-title elementor-size-default\">Cookie Policy<\/h1>\t\t\t\t<\/div>\n\t\t\t\t<\/div>\n\t\t\t\t<div class=\"elementor-element elementor-element-e4e3cf6 elementor-widget-divider--view-line elementor-widget elementor-widget-divider\" data-id=\"e4e3cf6\" data-element_type=\"widget\" data-e-type=\"widget\" data-widget_type=\"divider.default\">\n\t\t\t\t<div class=\"elementor-widget-container\">\n\t\t\t\t\t\t\t<div class=\"elementor-divider\">\n\t\t\t<span class=\"elementor-divider-separator\">\n\t\t\t\t\t\t<\/span>\n\t\t<\/div>\n\t\t\t\t\t\t<\/div>\n\t\t\t\t<\/div>\n\t\t\t\t<div class=\"elementor-element elementor-element-8575ef7 elementor-widget elementor-widget-heading\" data-id=\"8575ef7\" data-element_type=\"widget\" data-e-type=\"widget\" data-widget_type=\"heading.default\">\n\t\t\t\t<div class=\"elementor-widget-container\">\n\t\t\t\t\t<h2 class=\"elementor-heading-title elementor-size-default\">1. What is a cookie?<\/h2>\t\t\t\t<\/div>\n\t\t\t\t<\/div>\n\t\t\t\t<div class=\"elementor-element elementor-element-00ec8e1 elementor-widget elementor-widget-text-editor\" data-id=\"00ec8e1\" data-element_type=\"widget\" data-e-type=\"widget\" data-widget_type=\"text-editor.default\">\n\t\t\t\t<div class=\"elementor-widget-container\">\n\t\t\t\t\t\t\t\t\t<p>A cookie is a small text file made up of letters and numbers, placed and stored on your computer, tablet or smartphone when you visit certain websites. It enables a website to identify the user\u2019s device and remember certain information (such as browsing preferences or language settings). <\/p><p>The main purpose of the cookies we use is to <strong><b>enhance the user experience<\/b><\/strong> on our website by making navigation easier and customising certain features.<\/p>\t\t\t\t\t\t\t\t<\/div>\n\t\t\t\t<\/div>\n\t\t\t\t<div class=\"elementor-element elementor-element-62c4165 elementor-widget elementor-widget-heading\" data-id=\"62c4165\" data-element_type=\"widget\" data-e-type=\"widget\" data-widget_type=\"heading.default\">\n\t\t\t\t<div class=\"elementor-widget-container\">\n\t\t\t\t\t<h2 class=\"elementor-heading-title elementor-size-default\">2. Why do we use cookies?<\/h2>\t\t\t\t<\/div>\n\t\t\t\t<\/div>\n\t\t\t\t<div class=\"elementor-element elementor-element-1b36af9 elementor-widget elementor-widget-text-editor\" data-id=\"1b36af9\" data-element_type=\"widget\" data-e-type=\"widget\" data-widget_type=\"text-editor.default\">\n\t\t\t\t<div class=\"elementor-widget-container\">\n\t\t\t\t\t\t\t\t\t<p class=\"font_8 wixui-rich-text__text\">We may use cookies and similar technologies for several reasons, including:<br>i) to ensure the security of the website, combat fraud and prevent cyber-attacks,<br>ii) to provide you with the services you have requested,<br>iii) to monitor and measure the performance, operation and effectiveness of our website,<br>iv) to improve and personalise your browsing experience.<\/p>\t\t\t\t\t\t\t\t<\/div>\n\t\t\t\t<\/div>\n\t\t\t\t<div class=\"elementor-element elementor-element-63ff75b elementor-widget elementor-widget-heading\" data-id=\"63ff75b\" data-element_type=\"widget\" data-e-type=\"widget\" data-widget_type=\"heading.default\">\n\t\t\t\t<div class=\"elementor-widget-container\">\n\t\t\t\t\t<h2 class=\"elementor-heading-title elementor-size-default\">3. Which cookies do we use?<\/h2>\t\t\t\t<\/div>\n\t\t\t\t<\/div>\n\t\t\t\t<div class=\"elementor-element elementor-element-2be0dbf elementor-widget elementor-widget-text-editor\" data-id=\"2be0dbf\" data-element_type=\"widget\" data-e-type=\"widget\" data-widget_type=\"text-editor.default\">\n\t\t\t\t<div class=\"elementor-widget-container\">\n\t\t\t\t\t\t\t\t\t<p> <\/p><table><tbody><tr><td><p><strong><b>Type of cookie<\/b><\/strong><\/p><\/td><td><p><strong><b>Purpose<\/b><\/strong><\/p><\/td><td><p><strong><b>Example<\/b><\/strong><\/p><\/td><td><p><strong><b>Retention period<\/b><\/strong><\/p><\/td><\/tr><tr><td><p><strong><b>Necessary<\/b><\/strong><\/p><\/td><td><p>Ensure the proper functioning of the site and access to secure areas.<\/p><\/td><td><p>Session cookie<\/p><\/td><td><p>Until the end of the session<\/p><\/td><\/tr><tr><td><p><strong><b>Statistics<\/b><\/strong><\/p><\/td><td><p>Measure audience and improve site performance.<\/p><\/td><td><p>Google Analytics (_ga)<\/p><\/td><td><p>13 months<\/p><\/td><\/tr><tr><td><p><strong><b>Functional<\/b><\/strong><\/p><\/td><td><p>Remember your preferences (language, display).<\/p><\/td><td><p>Language cookie<\/p><\/td><td><p>6 months<\/p><\/td><\/tr><tr><td><p><strong><b>Marketing<\/b><\/strong><\/p><\/td><td><p>Customise content and advertising.<\/p><\/td><td><p>Google Ads<\/p><\/td><td><p>13 months<\/p><\/td><\/tr><\/tbody><\/table>\t\t\t\t\t\t\t\t<\/div>\n\t\t\t\t<\/div>\n\t\t\t\t<div class=\"elementor-element elementor-element-1befa1c elementor-widget elementor-widget-heading\" data-id=\"1befa1c\" data-element_type=\"widget\" data-e-type=\"widget\" data-widget_type=\"heading.default\">\n\t\t\t\t<div class=\"elementor-widget-container\">\n\t\t\t\t\t<h2 class=\"elementor-heading-title elementor-size-default\">4. Your choices regarding cookies\n<\/h2>\t\t\t\t<\/div>\n\t\t\t\t<\/div>\n\t\t\t\t<div class=\"elementor-element elementor-element-f019603 elementor-widget elementor-widget-text-editor\" data-id=\"f019603\" data-element_type=\"widget\" data-e-type=\"widget\" data-widget_type=\"text-editor.default\">\n\t\t\t\t<div class=\"elementor-widget-container\">\n\t\t\t\t\t\t\t\t\t<p>You can control, block or delete cookies at any time via your browser settings. These settings are usually found in the \u201cOptions\u201d or \u201cPreferences\u201d menu. <\/p><p>For further information:<\/p><ul><li><a href=\"https:\/\/aboutcookies.org\/?utm_source=chatgpt.com\" target=\"_blank\" rel=\"noopener\"><u>https:\/\/aboutcookies.org\/<\/u><\/a><\/li><li><a href=\"https:\/\/www.allaboutcookies.org\/fr\/?utm_source=chatgpt.com\" target=\"_blank\" rel=\"noopener\"><u>https:\/\/www.allaboutcookies.org\/fr\/<\/u><\/a><\/li><\/ul><p>\u26a0\ufe0f Please note: deleting or blocking certain cookies may limit access to some website features and affect your user experience.<\/p>\t\t\t\t\t\t\t\t<\/div>\n\t\t\t\t<\/div>\n\t\t\t\t<div class=\"elementor-element elementor-element-aeb05f8 elementor-widget elementor-widget-heading\" data-id=\"aeb05f8\" data-element_type=\"widget\" data-e-type=\"widget\" data-widget_type=\"heading.default\">\n\t\t\t\t<div class=\"elementor-widget-container\">\n\t\t\t\t\t<h2 class=\"elementor-heading-title elementor-size-default\">5. Updates to this policy<\/h2>\t\t\t\t<\/div>\n\t\t\t\t<\/div>\n\t\t\t\t<div class=\"elementor-element elementor-element-78e9f0f elementor-widget elementor-widget-text-editor\" data-id=\"78e9f0f\" data-element_type=\"widget\" data-e-type=\"widget\" data-widget_type=\"text-editor.default\">\n\t\t\t\t<div class=\"elementor-widget-container\">\n\t\t\t\t\t\t\t\t\t<p>Nous pouvons modifier cette politique relative aux cookies \u00e0 tout moment. Nous vous invitons \u00e0 la consulter r\u00e9guli\u00e8rement afin de rester inform\u00e9(e) des derni\u00e8res \u00e9volutions. <\/p>\t\t\t\t\t\t\t\t<\/div>\n\t\t\t\t<\/div>\n\t\t\t\t\t<\/div>\n\t\t\t\t<\/div>\n\t\t\t\t<\/div>\n\t\t","protected":false},"excerpt":{"rendered":"<p>Cookie Policy 1. What is a cookie? A cookie is a small text file made up of letters and numbers, placed and stored on your computer, tablet or smartphone when you visit certain websites. It enables a website to identify the user\u2019s device and remember certain information (such as browsing preferences or language settings). The [&hellip;]<\/p>\n","protected":false},"author":5,"featured_media":0,"parent":0,"menu_order":0,"comment_status":"closed","ping_status":"closed","template":"","meta":{"footnotes":""},"class_list":["post-6097","page","type-page","status-publish","hentry"],"_links":{"self":[{"href":"https:\/\/spiess.fr\/en\/wp-json\/wp\/v2\/pages\/6097","targetHints":{"allow":["GET"]}}],"collection":[{"href":"https:\/\/spiess.fr\/en\/wp-json\/wp\/v2\/pages"}],"about":[{"href":"https:\/\/spiess.fr\/en\/wp-json\/wp\/v2\/types\/page"}],"author":[{"embeddable":true,"href":"https:\/\/spiess.fr\/en\/wp-json\/wp\/v2\/users\/5"}],"replies":[{"embeddable":true,"href":"https:\/\/spiess.fr\/en\/wp-json\/wp\/v2\/comments?post=6097"}],"version-history":[{"count":1,"href":"https:\/\/spiess.fr\/en\/wp-json\/wp\/v2\/pages\/6097\/revisions"}],"predecessor-version":[{"id":6098,"href":"https:\/\/spiess.fr\/en\/wp-json\/wp\/v2\/pages\/6097\/revisions\/6098"}],"wp:attachment":[{"href":"https:\/\/spiess.fr\/en\/wp-json\/wp\/v2\/media?parent=6097"}],"curies":[{"name":"wp","href":"https:\/\/api.w.org\/{rel}","templated":true}]}}