{"id":6107,"date":"2024-11-28T20:44:26","date_gmt":"2024-11-28T20:44:26","guid":{"rendered":"https:\/\/spiess.fr\/datenschutzbestimmungen\/"},"modified":"2026-02-18T07:42:11","modified_gmt":"2026-02-18T07:42:11","slug":"datenschutzbestimmungen","status":"publish","type":"page","link":"https:\/\/spiess.fr\/de\/datenschutzbestimmungen\/","title":{"rendered":"Datenschutzbestimmungen"},"content":{"rendered":"\t\t<div data-elementor-type=\"wp-page\" data-elementor-id=\"6107\" class=\"elementor elementor-6107 elementor-120\" data-elementor-post-type=\"page\">\n\t\t\t\t<div class=\"elementor-element elementor-element-263fbce e-flex e-con-boxed e-con e-parent\" data-id=\"263fbce\" data-element_type=\"container\" data-e-type=\"container\">\n\t\t\t\t\t<div class=\"e-con-inner\">\n\t\t\t\t<div class=\"elementor-element elementor-element-4011291 elementor-widget elementor-widget-heading\" data-id=\"4011291\" data-element_type=\"widget\" data-e-type=\"widget\" data-widget_type=\"heading.default\">\n\t\t\t\t<div class=\"elementor-widget-container\">\n\t\t\t\t\t<h1 class=\"elementor-heading-title elementor-size-default\">Datenschutzbestimmungen<\/h1>\t\t\t\t<\/div>\n\t\t\t\t<\/div>\n\t\t\t\t<div class=\"elementor-element elementor-element-61824e0 elementor-widget-divider--view-line elementor-widget elementor-widget-divider\" data-id=\"61824e0\" data-element_type=\"widget\" data-e-type=\"widget\" data-widget_type=\"divider.default\">\n\t\t\t\t<div class=\"elementor-widget-container\">\n\t\t\t\t\t\t\t<div class=\"elementor-divider\">\n\t\t\t<span class=\"elementor-divider-separator\">\n\t\t\t\t\t\t<\/span>\n\t\t<\/div>\n\t\t\t\t\t\t<\/div>\n\t\t\t\t<\/div>\n\t\t\t\t<div class=\"elementor-element elementor-element-d4aecbe elementor-widget elementor-widget-heading\" data-id=\"d4aecbe\" data-element_type=\"widget\" data-e-type=\"widget\" data-widget_type=\"heading.default\">\n\t\t\t\t<div class=\"elementor-widget-container\">\n\t\t\t\t\t<h2 class=\"elementor-heading-title elementor-size-default\">1. Wer sind wir?<\/h2>\t\t\t\t<\/div>\n\t\t\t\t<\/div>\n\t\t\t\t<div class=\"elementor-element elementor-element-0bf6837 elementor-widget elementor-widget-text-editor\" data-id=\"0bf6837\" data-element_type=\"widget\" data-e-type=\"widget\" data-widget_type=\"text-editor.default\">\n\t\t\t\t<div class=\"elementor-widget-container\">\n\t\t\t\t\t\t\t\t\t<p class=\"font_8 wixui-rich-text__text\">Die Adresse unserer Website lautet: <a href=\"https:\/\/spiess.fr\/de\/\">https:\/\/spiess.fr\/<\/a><\/p>\t\t\t\t\t\t\t\t<\/div>\n\t\t\t\t<\/div>\n\t\t\t\t<div class=\"elementor-element elementor-element-5b50190 elementor-widget elementor-widget-heading\" data-id=\"5b50190\" data-element_type=\"widget\" data-e-type=\"widget\" data-widget_type=\"heading.default\">\n\t\t\t\t<div class=\"elementor-widget-container\">\n\t\t\t\t\t<h2 class=\"elementor-heading-title elementor-size-default\">2. Kommentare<\/h2>\t\t\t\t<\/div>\n\t\t\t\t<\/div>\n\t\t\t\t<div class=\"elementor-element elementor-element-d879df1 elementor-widget elementor-widget-text-editor\" data-id=\"d879df1\" data-element_type=\"widget\" data-e-type=\"widget\" data-widget_type=\"text-editor.default\">\n\t\t\t\t<div class=\"elementor-widget-container\">\n\t\t\t\t\t\t\t\t\t<p>Wenn Sie einen Kommentar auf unserer Website hinterlassen, werden die im Kommentarfeld eingegebenen Daten sowie Ihre IP-Adresse und der User-Agent Ihres Browsers erfasst, um uns bei der Erkennung unerw\u00fcnschter Kommentare zu helfen.<\/p><p>Eine anonymisierte Zeichenkette, die aus Ihrer E-Mail-Adresse erstellt wurde (auch als Hash bezeichnet), kann an den Gravatar-Dienst gesendet werden, um zu \u00fcberpr\u00fcfen, ob Sie diesen verwenden. Die Datenschutzbestimmungen von Gravatar sind hier verf\u00fcgbar: https:\/\/automattic.com\/privacy\/. Nach Freigabe Ihres Kommentars wird Ihr Profilbild \u00f6ffentlich neben Ihrem Kommentar angezeigt. <\/p>\t\t\t\t\t\t\t\t<\/div>\n\t\t\t\t<\/div>\n\t\t\t\t<div class=\"elementor-element elementor-element-49b9019 elementor-widget elementor-widget-heading\" data-id=\"49b9019\" data-element_type=\"widget\" data-e-type=\"widget\" data-widget_type=\"heading.default\">\n\t\t\t\t<div class=\"elementor-widget-container\">\n\t\t\t\t\t<h2 class=\"elementor-heading-title elementor-size-default\">3. Medien\n<\/h2>\t\t\t\t<\/div>\n\t\t\t\t<\/div>\n\t\t\t\t<div class=\"elementor-element elementor-element-e378c0e elementor-widget elementor-widget-text-editor\" data-id=\"e378c0e\" data-element_type=\"widget\" data-e-type=\"widget\" data-widget_type=\"text-editor.default\">\n\t\t\t\t<div class=\"elementor-widget-container\">\n\t\t\t\t\t\t\t\t\t<p class=\"font_8 wixui-rich-text__text\">Wenn Sie Bilder auf die Website hochladen, empfehlen wir, keine Bilder mit EXIF-GPS-Koordinaten hochzuladen. Besucher Ihrer Website k\u00f6nnen diese Bilder herunterladen und Standortdaten daraus extrahieren. <\/p>\t\t\t\t\t\t\t\t<\/div>\n\t\t\t\t<\/div>\n\t\t\t\t<div class=\"elementor-element elementor-element-e6c8d69 elementor-widget elementor-widget-heading\" data-id=\"e6c8d69\" data-element_type=\"widget\" data-e-type=\"widget\" data-widget_type=\"heading.default\">\n\t\t\t\t<div class=\"elementor-widget-container\">\n\t\t\t\t\t<h3 class=\"elementor-heading-title elementor-size-default\">4. Cookies\n<\/h3>\t\t\t\t<\/div>\n\t\t\t\t<\/div>\n\t\t\t\t<div class=\"elementor-element elementor-element-a8d8fd5 elementor-widget elementor-widget-text-editor\" data-id=\"a8d8fd5\" data-element_type=\"widget\" data-e-type=\"widget\" data-widget_type=\"text-editor.default\">\n\t\t\t\t<div class=\"elementor-widget-container\">\n\t\t\t\t\t\t\t\t\t<p>Wenn Sie einen Kommentar auf unserer Website hinterlassen, k\u00f6nnen Sie angeboten bekommen, Ihren Namen, Ihre E-Mail-Adresse und Ihre Website in Cookies zu speichern. Dies dient Ihrem Komfort, damit Sie diese Informationen nicht erneut eingeben m\u00fcssen, wenn Sie sp\u00e4ter einen weiteren Kommentar hinterlassen. Diese Cookies laufen nach einem Jahr ab.   <\/p><p>Wenn Sie die Anmeldeseite besuchen, wird ein tempor\u00e4rer Cookie erstellt, um festzustellen, ob Ihr Browser Cookies akzeptiert. Er enth\u00e4lt keine pers\u00f6nlichen Daten und wird beim Schlie\u00dfen Ihres Browsers automatisch gel\u00f6scht. <\/p><p>Wenn Sie sich anmelden, werden eine Reihe von Cookies gesetzt, um Ihre Anmeldeinformationen und Ihre Anzeigepr\u00e4ferenzen zu speichern. Ein Login-Cookie hat eine Lebensdauer von zwei Tagen, ein Bildschirm-Options-Cookie von einem Jahr. Wenn Sie \u201eAngemeldet bleiben\u201c ausw\u00e4hlen, wird Ihr Login-Cookie zwei Wochen lang gespeichert. Wenn Sie sich von Ihrem Konto abmelden, wird der Login-Cookie gel\u00f6scht.   <\/p><p>Beim Bearbeiten oder Ver\u00f6ffentlichen eines Beitrags wird ein zus\u00e4tzlicher Cookie in Ihrem Browser gespeichert. Dieser Cookie enth\u00e4lt keine pers\u00f6nlichen Daten. Er zeigt lediglich die ID des Beitrags an, den Sie gerade bearbeitet haben. Er l\u00e4uft nach einem Tag ab.   <\/p>\t\t\t\t\t\t\t\t<\/div>\n\t\t\t\t<\/div>\n\t\t\t\t<div class=\"elementor-element elementor-element-59350b7 elementor-widget elementor-widget-heading\" data-id=\"59350b7\" data-element_type=\"widget\" data-e-type=\"widget\" data-widget_type=\"heading.default\">\n\t\t\t\t<div class=\"elementor-widget-container\">\n\t\t\t\t\t<h3 class=\"elementor-heading-title elementor-size-default\">5. Eingebettete Inhalte von anderen Websites\n<\/h3>\t\t\t\t<\/div>\n\t\t\t\t<\/div>\n\t\t\t\t<div class=\"elementor-element elementor-element-8c187e5 elementor-widget elementor-widget-text-editor\" data-id=\"8c187e5\" data-element_type=\"widget\" data-e-type=\"widget\" data-widget_type=\"text-editor.default\">\n\t\t\t\t<div class=\"elementor-widget-container\">\n\t\t\t\t\t\t\t\t\t<p>Beitr\u00e4ge auf dieser Website k\u00f6nnen eingebettete Inhalte enthalten (z.\u202fB. Videos, Bilder, Artikel\u2026). Eingebettete Inhalte von anderen Websites verhalten sich genauso, als ob der Besucher diese andere Website direkt besucht h\u00e4tte. <\/p><p>Diese Websites k\u00f6nnten Daten \u00fcber Sie sammeln, Cookies verwenden, Drittanbieter-Tracking-Tools einbetten und Ihre Interaktionen mit den eingebetteten Inhalten \u00fcberwachen, wenn Sie \u00fcber ein Konto auf deren Website angemeldet sind.<\/p>\t\t\t\t\t\t\t\t<\/div>\n\t\t\t\t<\/div>\n\t\t\t\t<div class=\"elementor-element elementor-element-0157cb9 elementor-widget elementor-widget-heading\" data-id=\"0157cb9\" data-element_type=\"widget\" data-e-type=\"widget\" data-widget_type=\"heading.default\">\n\t\t\t\t<div class=\"elementor-widget-container\">\n\t\t\t\t\t<h3 class=\"elementor-heading-title elementor-size-default\">6. Verwendung und Weitergabe Ihrer pers\u00f6nlichen Daten\n<\/h3>\t\t\t\t<\/div>\n\t\t\t\t<\/div>\n\t\t\t\t<div class=\"elementor-element elementor-element-f79368c elementor-widget elementor-widget-text-editor\" data-id=\"f79368c\" data-element_type=\"widget\" data-e-type=\"widget\" data-widget_type=\"text-editor.default\">\n\t\t\t\t<div class=\"elementor-widget-container\">\n\t\t\t\t\t\t\t\t\t<p>Wenn Sie eine Passwortzur\u00fccksetzung anfordern, wird Ihre IP-Adresse in der Zur\u00fccksetzungs-E-Mail enthalten sein.<\/p>\t\t\t\t\t\t\t\t<\/div>\n\t\t\t\t<\/div>\n\t\t\t\t<div class=\"elementor-element elementor-element-d7e61c0 elementor-widget elementor-widget-heading\" data-id=\"d7e61c0\" data-element_type=\"widget\" data-e-type=\"widget\" data-widget_type=\"heading.default\">\n\t\t\t\t<div class=\"elementor-widget-container\">\n\t\t\t\t\t<h3 class=\"elementor-heading-title elementor-size-default\">7. Aufbewahrungsdauer Ihrer Daten\n<\/h3>\t\t\t\t<\/div>\n\t\t\t\t<\/div>\n\t\t\t\t<div class=\"elementor-element elementor-element-491a4f2 elementor-widget elementor-widget-text-editor\" data-id=\"491a4f2\" data-element_type=\"widget\" data-e-type=\"widget\" data-widget_type=\"text-editor.default\">\n\t\t\t\t<div class=\"elementor-widget-container\">\n\t\t\t\t\t\t\t\t\t<p>Wenn Sie einen Kommentar hinterlassen, werden der Kommentar und seine Metadaten unbegrenzt gespeichert. Dies erm\u00f6glicht die automatische Erkennung und Genehmigung nachfolgender Kommentare, anstatt sie in der Moderationswarteschlange zu belassen. <\/p><p>F\u00fcr Konten, die sich auf unserer Website registrieren (falls zutreffend), speichern wir auch die pers\u00f6nlichen Daten, die in deren Profil angegeben sind. Alle Kontoinhaber k\u00f6nnen ihre pers\u00f6nlichen Daten jederzeit einsehen, bearbeiten oder l\u00f6schen (mit Ausnahme des Benutzernamens). Website-Administratoren k\u00f6nnen diese Informationen ebenfalls einsehen und bearbeiten.  <\/p>\t\t\t\t\t\t\t\t<\/div>\n\t\t\t\t<\/div>\n\t\t\t\t<div class=\"elementor-element elementor-element-8794e7f elementor-widget elementor-widget-heading\" data-id=\"8794e7f\" data-element_type=\"widget\" data-e-type=\"widget\" data-widget_type=\"heading.default\">\n\t\t\t\t<div class=\"elementor-widget-container\">\n\t\t\t\t\t<h3 class=\"elementor-heading-title elementor-size-default\">8. Ihre Rechte an Ihren Daten<\/h3>\t\t\t\t<\/div>\n\t\t\t\t<\/div>\n\t\t\t\t<div class=\"elementor-element elementor-element-86b3105 elementor-widget elementor-widget-text-editor\" data-id=\"86b3105\" data-element_type=\"widget\" data-e-type=\"widget\" data-widget_type=\"text-editor.default\">\n\t\t\t\t<div class=\"elementor-widget-container\">\n\t\t\t\t\t\t\t\t\t<p>Wenn Sie ein Konto haben oder Kommentare auf der Website hinterlassen haben, k\u00f6nnen Sie die Zusendung einer Datei mit allen pers\u00f6nlichen Daten, die wir \u00fcber Sie besitzen, verlangen, einschlie\u00dflich der Daten, die Sie uns bereitgestellt haben. Sie k\u00f6nnen auch die L\u00f6schung Ihrer personenbezogenen Daten verlangen. Dies gilt nicht f\u00fcr Daten, die zu administrativen, rechtlichen oder Sicherheitszwecken gespeichert werden.  <\/p>\t\t\t\t\t\t\t\t<\/div>\n\t\t\t\t<\/div>\n\t\t\t\t<div class=\"elementor-element elementor-element-55da2d1 elementor-widget elementor-widget-heading\" data-id=\"55da2d1\" data-element_type=\"widget\" data-e-type=\"widget\" data-widget_type=\"heading.default\">\n\t\t\t\t<div class=\"elementor-widget-container\">\n\t\t\t\t\t<h3 class=\"elementor-heading-title elementor-size-default\">9. Weitergabe Ihrer pers\u00f6nlichen Daten\n<\/h3>\t\t\t\t<\/div>\n\t\t\t\t<\/div>\n\t\t\t\t<div class=\"elementor-element elementor-element-4529152 elementor-widget elementor-widget-text-editor\" data-id=\"4529152\" data-element_type=\"widget\" data-e-type=\"widget\" data-widget_type=\"text-editor.default\">\n\t\t\t\t<div class=\"elementor-widget-container\">\n\t\t\t\t\t\t\t\t\t<p>Kommentare von Besuchern k\u00f6nnen mithilfe eines automatisierten Dienstes zur Erkennung unerw\u00fcnschter Kommentare \u00fcberpr\u00fcft werden.<\/p>\t\t\t\t\t\t\t\t<\/div>\n\t\t\t\t<\/div>\n\t\t\t\t\t<\/div>\n\t\t\t\t<\/div>\n\t\t\t\t<\/div>\n\t\t","protected":false},"excerpt":{"rendered":"<p>Datenschutzbestimmungen 1. Wer sind wir? Die Adresse unserer Website lautet: https:\/\/spiess.fr\/ 2. Kommentare Wenn Sie einen Kommentar auf unserer Website hinterlassen, werden die im Kommentarfeld eingegebenen Daten sowie Ihre IP-Adresse und der User-Agent Ihres Browsers erfasst, um uns bei der Erkennung unerw\u00fcnschter Kommentare zu helfen. Eine anonymisierte Zeichenkette, die aus Ihrer E-Mail-Adresse erstellt wurde (auch [&hellip;]<\/p>\n","protected":false},"author":5,"featured_media":0,"parent":0,"menu_order":0,"comment_status":"closed","ping_status":"closed","template":"","meta":{"footnotes":""},"class_list":["post-6107","page","type-page","status-publish","hentry"],"_links":{"self":[{"href":"https:\/\/spiess.fr\/de\/wp-json\/wp\/v2\/pages\/6107","targetHints":{"allow":["GET"]}}],"collection":[{"href":"https:\/\/spiess.fr\/de\/wp-json\/wp\/v2\/pages"}],"about":[{"href":"https:\/\/spiess.fr\/de\/wp-json\/wp\/v2\/types\/page"}],"author":[{"embeddable":true,"href":"https:\/\/spiess.fr\/de\/wp-json\/wp\/v2\/users\/5"}],"replies":[{"embeddable":true,"href":"https:\/\/spiess.fr\/de\/wp-json\/wp\/v2\/comments?post=6107"}],"version-history":[{"count":2,"href":"https:\/\/spiess.fr\/de\/wp-json\/wp\/v2\/pages\/6107\/revisions"}],"predecessor-version":[{"id":6910,"href":"https:\/\/spiess.fr\/de\/wp-json\/wp\/v2\/pages\/6107\/revisions\/6910"}],"wp:attachment":[{"href":"https:\/\/spiess.fr\/de\/wp-json\/wp\/v2\/media?parent=6107"}],"curies":[{"name":"wp","href":"https:\/\/api.w.org\/{rel}","templated":true}]}}