{"id":6099,"date":"2024-11-28T20:44:06","date_gmt":"2024-11-28T20:44:06","guid":{"rendered":"https:\/\/spiess.fr\/cookie-richtlinie\/"},"modified":"2026-02-18T07:16:34","modified_gmt":"2026-02-18T07:16:34","slug":"cookie-richtlinie","status":"publish","type":"page","link":"https:\/\/spiess.fr\/de\/cookie-richtlinie\/","title":{"rendered":"Cookie-Richtlinie"},"content":{"rendered":"\t\t<div data-elementor-type=\"wp-page\" data-elementor-id=\"6099\" class=\"elementor elementor-6099 elementor-118\" data-elementor-post-type=\"page\">\n\t\t\t\t<div class=\"elementor-element elementor-element-ee3bde5 e-flex e-con-boxed e-con e-parent\" data-id=\"ee3bde5\" data-element_type=\"container\" data-e-type=\"container\">\n\t\t\t\t\t<div class=\"e-con-inner\">\n\t\t\t\t<div class=\"elementor-element elementor-element-376a918 elementor-widget elementor-widget-heading\" data-id=\"376a918\" data-element_type=\"widget\" data-e-type=\"widget\" data-widget_type=\"heading.default\">\n\t\t\t\t<div class=\"elementor-widget-container\">\n\t\t\t\t\t<h1 class=\"elementor-heading-title elementor-size-default\">Cookie-Richtlinie<\/h1>\t\t\t\t<\/div>\n\t\t\t\t<\/div>\n\t\t\t\t<div class=\"elementor-element elementor-element-e4e3cf6 elementor-widget-divider--view-line elementor-widget elementor-widget-divider\" data-id=\"e4e3cf6\" data-element_type=\"widget\" data-e-type=\"widget\" data-widget_type=\"divider.default\">\n\t\t\t\t<div class=\"elementor-widget-container\">\n\t\t\t\t\t\t\t<div class=\"elementor-divider\">\n\t\t\t<span class=\"elementor-divider-separator\">\n\t\t\t\t\t\t<\/span>\n\t\t<\/div>\n\t\t\t\t\t\t<\/div>\n\t\t\t\t<\/div>\n\t\t\t\t<div class=\"elementor-element elementor-element-8575ef7 elementor-widget elementor-widget-heading\" data-id=\"8575ef7\" data-element_type=\"widget\" data-e-type=\"widget\" data-widget_type=\"heading.default\">\n\t\t\t\t<div class=\"elementor-widget-container\">\n\t\t\t\t\t<h2 class=\"elementor-heading-title elementor-size-default\">1. Was ist ein Cookie?<\/h2>\t\t\t\t<\/div>\n\t\t\t\t<\/div>\n\t\t\t\t<div class=\"elementor-element elementor-element-00ec8e1 elementor-widget elementor-widget-text-editor\" data-id=\"00ec8e1\" data-element_type=\"widget\" data-e-type=\"widget\" data-widget_type=\"text-editor.default\">\n\t\t\t\t<div class=\"elementor-widget-container\">\n\t\t\t\t\t\t\t\t\t<p>Ein Cookie ist eine kleine Textdatei, die aus Buchstaben und Zahlen besteht und auf Ihrem Computer, Tablet oder Smartphone gespeichert wird, wenn Sie bestimmte Websites besuchen.<br>Sie erm\u00f6glicht es einer Website, das Ger\u00e4t des Nutzers zu erkennen und bestimmte Informationen zu speichern (z. B. Browsing-Einstellungen oder Spracheinstellungen). <\/p><p>Der Hauptzweck der von uns verwendeten Cookies ist es, <strong><b>das Benutzererlebnis auf unserer Website zu verbessern<\/b><\/strong>, indem sie Ihre Navigation erleichtern und bestimmte Funktionen personalisieren.<\/p>\t\t\t\t\t\t\t\t<\/div>\n\t\t\t\t<\/div>\n\t\t\t\t<div class=\"elementor-element elementor-element-62c4165 elementor-widget elementor-widget-heading\" data-id=\"62c4165\" data-element_type=\"widget\" data-e-type=\"widget\" data-widget_type=\"heading.default\">\n\t\t\t\t<div class=\"elementor-widget-container\">\n\t\t\t\t\t<h2 class=\"elementor-heading-title elementor-size-default\">2. Warum verwenden wir Cookies?<\/h2>\t\t\t\t<\/div>\n\t\t\t\t<\/div>\n\t\t\t\t<div class=\"elementor-element elementor-element-1b36af9 elementor-widget elementor-widget-text-editor\" data-id=\"1b36af9\" data-element_type=\"widget\" data-e-type=\"widget\" data-widget_type=\"text-editor.default\">\n\t\t\t\t<div class=\"elementor-widget-container\">\n\t\t\t\t\t\t\t\t\t<p class=\"font_8 wixui-rich-text__text\">Wir k\u00f6nnen Cookies und \u00e4hnliche Technologien aus verschiedenen Gr\u00fcnden verwenden, unter anderem:<br>i) zur Sicherstellung der Website-Sicherheit, zur Betrugsbek\u00e4mpfung und zur Verhinderung von Cyberangriffen,<br>ii) um Ihnen die gew\u00fcnschten Dienstleistungen bereitzustellen,<br>iii) zur \u00dcberwachung und Messung der Leistung, Funktionsweise und Wirksamkeit unserer Website,<br>iv) zur Verbesserung und Personalisierung Ihres Surf-Erlebnisses.<\/p>\t\t\t\t\t\t\t\t<\/div>\n\t\t\t\t<\/div>\n\t\t\t\t<div class=\"elementor-element elementor-element-63ff75b elementor-widget elementor-widget-heading\" data-id=\"63ff75b\" data-element_type=\"widget\" data-e-type=\"widget\" data-widget_type=\"heading.default\">\n\t\t\t\t<div class=\"elementor-widget-container\">\n\t\t\t\t\t<h2 class=\"elementor-heading-title elementor-size-default\">3. Welche Cookies verwenden wir?<\/h2>\t\t\t\t<\/div>\n\t\t\t\t<\/div>\n\t\t\t\t<div class=\"elementor-element elementor-element-2be0dbf elementor-widget elementor-widget-text-editor\" data-id=\"2be0dbf\" data-element_type=\"widget\" data-e-type=\"widget\" data-widget_type=\"text-editor.default\">\n\t\t\t\t<div class=\"elementor-widget-container\">\n\t\t\t\t\t\t\t\t\t<p> <\/p><table><tbody><tr><td><p><strong><b>Cookie-Typ<\/b><\/strong><\/p><\/td><td><p><strong><b>Zweck<\/b><\/strong><\/p><\/td><td><p><strong><b>Beispiel<\/b><\/strong><\/p><\/td><td><p><strong><b>Speicherdauer<\/b><\/strong><\/p><\/td><\/tr><tr><td><p><strong><b>Unbedingt erforderlich<\/b><\/strong><\/p><\/td><td><p>Gew\u00e4hrleisten die ordnungsgem\u00e4\u00dfe Funktion der Website und den Zugang zu sicheren Bereichen.<\/p><\/td><td><p>Session-Cookie<\/p><\/td><td><p>Bis zum Ende der Sitzung<\/p><\/td><\/tr><tr><td><p><strong><b>Statistik<\/b><\/strong><\/p><\/td><td><p>Messen die Reichweite und verbessern die Leistung der Website.<\/p><\/td><td><p>Google Analytics (_ga)<\/p><\/td><td><p>13 Monate<\/p><\/td><\/tr><tr><td><p><strong><b>Fonctionnels<\/b><\/strong><\/p><\/td><td><p>Speichern Ihre Pr\u00e4ferenzen (Sprache, Anzeige).<\/p><\/td><td><p>Sprach-Cookie<\/p><\/td><td><p>6 Monate<\/p><\/td><\/tr><tr><td><p><strong><b>Marketing<\/b><\/strong><\/p><\/td><td><p>Personalisieren Inhalte und Werbung.<\/p><\/td><td><p>Google Ads<\/p><\/td><td><p>13 Monate<\/p><\/td><\/tr><\/tbody><\/table>\t\t\t\t\t\t\t\t<\/div>\n\t\t\t\t<\/div>\n\t\t\t\t<div class=\"elementor-element elementor-element-1befa1c elementor-widget elementor-widget-heading\" data-id=\"1befa1c\" data-element_type=\"widget\" data-e-type=\"widget\" data-widget_type=\"heading.default\">\n\t\t\t\t<div class=\"elementor-widget-container\">\n\t\t\t\t\t<h2 class=\"elementor-heading-title elementor-size-default\">4. Ihre Wahlm\u00f6glichkeiten in Bezug auf Cookies\n<\/h2>\t\t\t\t<\/div>\n\t\t\t\t<\/div>\n\t\t\t\t<div class=\"elementor-element elementor-element-f019603 elementor-widget elementor-widget-text-editor\" data-id=\"f019603\" data-element_type=\"widget\" data-e-type=\"widget\" data-widget_type=\"text-editor.default\">\n\t\t\t\t<div class=\"elementor-widget-container\">\n\t\t\t\t\t\t\t\t\t<p>Sie k\u00f6nnen Cookies jederzeit \u00fcber die Einstellungen Ihres Browsers kontrollieren, blockieren oder l\u00f6schen. Diese Einstellungen finden Sie in der Regel im Men\u00fc \u201eOptionen\u201c oder \u201eEinstellungen\u201c. <\/p><p>Weitere Informationen:<\/p><ul><li><a href=\"https:\/\/aboutcookies.org\/?utm_source=chatgpt.com\" target=\"_blank\" rel=\"noopener\"><u>https:\/\/aboutcookies.org\/<\/u><\/a><\/li><li><a href=\"https:\/\/www.allaboutcookies.org\/fr\/?utm_source=chatgpt.com\" target=\"_blank\" rel=\"noopener\"><u>https:\/\/www.allaboutcookies.org\/fr\/<\/u><\/a><\/li><\/ul><p>\u26a0\ufe0f Bitte beachten Sie: Das L\u00f6schen oder Blockieren bestimmter Cookies kann den Zugang zu bestimmten Funktionen der Website einschr\u00e4nken und Ihr Benutzererlebnis beeintr\u00e4chtigen.<\/p>\t\t\t\t\t\t\t\t<\/div>\n\t\t\t\t<\/div>\n\t\t\t\t<div class=\"elementor-element elementor-element-aeb05f8 elementor-widget elementor-widget-heading\" data-id=\"aeb05f8\" data-element_type=\"widget\" data-e-type=\"widget\" data-widget_type=\"heading.default\">\n\t\t\t\t<div class=\"elementor-widget-container\">\n\t\t\t\t\t<h2 class=\"elementor-heading-title elementor-size-default\">5. Aktualisierung dieser Richtlinie<\/h2>\t\t\t\t<\/div>\n\t\t\t\t<\/div>\n\t\t\t\t<div class=\"elementor-element elementor-element-78e9f0f elementor-widget elementor-widget-text-editor\" data-id=\"78e9f0f\" data-element_type=\"widget\" data-e-type=\"widget\" data-widget_type=\"text-editor.default\">\n\t\t\t\t<div class=\"elementor-widget-container\">\n\t\t\t\t\t\t\t\t\t<p>Wir k\u00f6nnen diese Cookie-Richtlinie jederzeit \u00e4ndern. Wir empfehlen Ihnen, sie regelm\u00e4\u00dfig zu \u00fcberpr\u00fcfen, um \u00fcber die neuesten \u00c4nderungen informiert zu bleiben. <\/p>\t\t\t\t\t\t\t\t<\/div>\n\t\t\t\t<\/div>\n\t\t\t\t\t<\/div>\n\t\t\t\t<\/div>\n\t\t\t\t<\/div>\n\t\t","protected":false},"excerpt":{"rendered":"<p>Cookie-Richtlinie 1. Was ist ein Cookie? Ein Cookie ist eine kleine Textdatei, die aus Buchstaben und Zahlen besteht und auf Ihrem Computer, Tablet oder Smartphone gespeichert wird, wenn Sie bestimmte Websites besuchen.Sie erm\u00f6glicht es einer Website, das Ger\u00e4t des Nutzers zu erkennen und bestimmte Informationen zu speichern (z. B. Browsing-Einstellungen oder Spracheinstellungen). Der Hauptzweck der [&hellip;]<\/p>\n","protected":false},"author":5,"featured_media":0,"parent":0,"menu_order":0,"comment_status":"closed","ping_status":"closed","template":"","meta":{"footnotes":""},"class_list":["post-6099","page","type-page","status-publish","hentry"],"_links":{"self":[{"href":"https:\/\/spiess.fr\/de\/wp-json\/wp\/v2\/pages\/6099","targetHints":{"allow":["GET"]}}],"collection":[{"href":"https:\/\/spiess.fr\/de\/wp-json\/wp\/v2\/pages"}],"about":[{"href":"https:\/\/spiess.fr\/de\/wp-json\/wp\/v2\/types\/page"}],"author":[{"embeddable":true,"href":"https:\/\/spiess.fr\/de\/wp-json\/wp\/v2\/users\/5"}],"replies":[{"embeddable":true,"href":"https:\/\/spiess.fr\/de\/wp-json\/wp\/v2\/comments?post=6099"}],"version-history":[{"count":1,"href":"https:\/\/spiess.fr\/de\/wp-json\/wp\/v2\/pages\/6099\/revisions"}],"predecessor-version":[{"id":6100,"href":"https:\/\/spiess.fr\/de\/wp-json\/wp\/v2\/pages\/6099\/revisions\/6100"}],"wp:attachment":[{"href":"https:\/\/spiess.fr\/de\/wp-json\/wp\/v2\/media?parent=6099"}],"curies":[{"name":"wp","href":"https:\/\/api.w.org\/{rel}","templated":true}]}}